{"id":8229,"date":"2025-07-25T00:21:39","date_gmt":"2025-07-25T06:21:39","guid":{"rendered":"https:\/\/altahabitat.mx\/?page_id=8229"},"modified":"2025-08-27T12:34:32","modified_gmt":"2025-08-27T18:34:32","slug":"rentals-2","status":"publish","type":"page","link":"https:\/\/altahabitat.mx\/en\/rentals-2","title":{"rendered":"Rentals"},"content":{"rendered":"\t\t<div data-elementor-type=\"wp-page\" data-elementor-id=\"8229\" class=\"elementor elementor-8229\" data-elementor-post-type=\"page\">\n\t\t\t\t<div class=\"elementor-element elementor-element-f70dec8 e-con-full e-flex e-con e-parent\" data-id=\"f70dec8\" data-element_type=\"container\" data-e-type=\"container\" data-settings=\"{&quot;background_background&quot;:&quot;classic&quot;,&quot;ekit_has_onepagescroll_dot&quot;:&quot;yes&quot;}\">\n\t\t\t\t<div class=\"elementor-element elementor-element-bff1b6c elementor-widget elementor-widget-heading\" data-id=\"bff1b6c\" data-element_type=\"widget\" data-e-type=\"widget\" data-settings=\"{&quot;ekit_we_effect_on&quot;:&quot;none&quot;}\" data-widget_type=\"heading.default\">\n\t\t\t\t<div class=\"elementor-widget-container\">\n\t\t\t\t\t<p class=\"elementor-heading-title elementor-size-default\">\/rentals<\/p>\t\t\t\t<\/div>\n\t\t\t\t<\/div>\n\t\t\t\t<div class=\"elementor-element elementor-element-32f286f elementor-widget__width-initial elementor-widget elementor-widget-heading\" data-id=\"32f286f\" data-element_type=\"widget\" data-e-type=\"widget\" data-settings=\"{&quot;ekit_we_effect_on&quot;:&quot;none&quot;}\" data-widget_type=\"heading.default\">\n\t\t\t\t<div class=\"elementor-widget-container\">\n\t\t\t\t\t<span class=\"elementor-heading-title elementor-size-default\">Vive la experiencia y hosp\u00e9date en exclusivos desarrollos ubicados en los destinos m\u00e1s prestigiosos de M\u00e9xico, dise\u00f1ados por algunos de los arquitectos contempor\u00e1neos m\u00e1s destacados del momento. Descubre espacios \u00fanicos donde el dise\u00f1o y el entorno se conectan de forma excepcional.<\/span>\t\t\t\t<\/div>\n\t\t\t\t<\/div>\n\t\t\t\t<\/div>\n\t\t<div class=\"elementor-element elementor-element-9ad37c9 e-con-full e-flex e-con e-parent\" data-id=\"9ad37c9\" data-element_type=\"container\" data-e-type=\"container\" data-settings=\"{&quot;background_background&quot;:&quot;classic&quot;,&quot;ekit_has_onepagescroll_dot&quot;:&quot;yes&quot;}\">\n\t\t\t\t<div class=\"elementor-element elementor-element-9ddec4f elementor-grid-mobile-2 elementor-grid-3 elementor-grid-tablet-2 elementor-widget elementor-widget-loop-grid\" data-id=\"9ddec4f\" data-element_type=\"widget\" data-e-type=\"widget\" data-settings=\"{&quot;template_id&quot;:8231,&quot;columns_mobile&quot;:2,&quot;row_gap_mobile&quot;:{&quot;unit&quot;:&quot;px&quot;,&quot;size&quot;:40,&quot;sizes&quot;:[]},&quot;_skin&quot;:&quot;post&quot;,&quot;columns&quot;:&quot;3&quot;,&quot;columns_tablet&quot;:&quot;2&quot;,&quot;edit_handle_selector&quot;:&quot;[data-elementor-type=\\&quot;loop-item\\&quot;]&quot;,&quot;row_gap&quot;:{&quot;unit&quot;:&quot;px&quot;,&quot;size&quot;:&quot;&quot;,&quot;sizes&quot;:[]},&quot;row_gap_tablet&quot;:{&quot;unit&quot;:&quot;px&quot;,&quot;size&quot;:&quot;&quot;,&quot;sizes&quot;:[]},&quot;ekit_we_effect_on&quot;:&quot;none&quot;}\" data-widget_type=\"loop-grid.post\">\n\t\t\t\t<div class=\"elementor-widget-container\">\n\t\t\t\t\t\t\t<div class=\"elementor-loop-container elementor-grid\" role=\"list\">\n\t\t<style id=\"loop-8231\">.elementor-8231 .elementor-element.elementor-element-6bdb519{--display:flex;--flex-direction:column;--container-widget-width:100%;--container-widget-height:initial;--container-widget-flex-grow:0;--container-widget-align-self:initial;--flex-wrap-mobile:wrap;--padding-top:0px;--padding-bottom:0px;--padding-left:0px;--padding-right:0px;overflow:visible;}.elementor-widget-heading .elementor-heading-title{font-family:var( --e-global-typography-primary-font-family ), Sans-serif;font-weight:var( --e-global-typography-primary-font-weight );color:var( --e-global-color-primary );}.elementor-8231 .elementor-element.elementor-element-8fd1952 .elementor-heading-title{font-family:\"DecimaMonoProLt\", Sans-serif;font-size:14px;text-transform:uppercase;color:var( --e-global-color-29365c0 );}.elementor-8231 .elementor-element.elementor-element-722364d{--display:flex;--flex-direction:row;--container-widget-width:initial;--container-widget-height:100%;--container-widget-flex-grow:1;--container-widget-align-self:stretch;--flex-wrap-mobile:wrap;--margin-top:-12px;--margin-bottom:0px;--margin-left:0px;--margin-right:0px;--padding-top:0px;--padding-bottom:0px;--padding-left:0px;--padding-right:0px;overflow:visible;}.elementor-8231 .elementor-element.elementor-element-5c9f345 .elementor-heading-title{font-family:\"DecimaMonoProLt\", Sans-serif;font-size:14px;font-weight:400;color:var( --e-global-color-29365c0 );}.elementor-8231 .elementor-element.elementor-element-5c9f345 > .elementor-widget-container{margin:0px 0px 0px 0px;}.elementor-widget-image .widget-image-caption{color:var( --e-global-color-text );font-family:var( --e-global-typography-text-font-family ), Sans-serif;font-weight:var( --e-global-typography-text-font-weight );}.elementor-8231 .elementor-element.elementor-element-59111fe img{width:100%;}.elementor-8231 .elementor-element.elementor-element-027a121{--display:flex;--flex-direction:row;--container-widget-width:initial;--container-widget-height:100%;--container-widget-flex-grow:1;--container-widget-align-self:stretch;--flex-wrap-mobile:wrap;--gap:0px 0px;--row-gap:0px;--column-gap:0px;--padding-top:0px;--padding-bottom:0px;--padding-left:0px;--padding-right:0px;overflow:visible;}.elementor-8231 .elementor-element.elementor-element-226e00f{--display:flex;--gap:0px 0px;--row-gap:0px;--column-gap:0px;--padding-top:0px;--padding-bottom:0px;--padding-left:0px;--padding-right:0px;overflow:visible;}.elementor-8231 .elementor-element.elementor-element-4c7b1ad .elementor-heading-title{font-family:\"DecimaMonoProLt\", Sans-serif;font-size:14px;font-weight:400;text-transform:uppercase;color:var( --e-global-color-29365c0 );}.elementor-8231 .elementor-element.elementor-element-bb9b8f6{--display:flex;--align-items:flex-end;--container-widget-width:calc( ( 1 - var( --container-widget-flex-grow ) ) * 100% );--gap:0px 0px;--row-gap:0px;--column-gap:0px;--padding-top:0px;--padding-bottom:0px;--padding-left:0px;--padding-right:0px;overflow:visible;}.elementor-8231 .elementor-element.elementor-element-8e6ad08{text-align:end;}.elementor-8231 .elementor-element.elementor-element-8e6ad08 .elementor-heading-title{font-family:\"DecimaMonoPro\", Sans-serif;font-size:14px;font-weight:400;text-transform:uppercase;color:var( --e-global-color-29365c0 );}.elementor-8231 .elementor-element.elementor-element-e27ebbf .elementor-heading-title{font-family:\"DecimaMonoProLt\", Sans-serif;font-size:14px;font-weight:400;color:var( --e-global-color-29365c0 );}.elementor-8231 .elementor-element.elementor-element-e27ebbf > .elementor-widget-container{margin:-10px 0px 0px 0px;}@media(max-width:767px){.elementor-8231 .elementor-element.elementor-element-6bdb519{--content-width:100%;}.elementor-8231 .elementor-element.elementor-element-8fd1952 .elementor-heading-title{font-size:11px;}.elementor-8231 .elementor-element.elementor-element-5c9f345 .elementor-heading-title{font-size:11px;}.elementor-8231 .elementor-element.elementor-element-226e00f{--width:50%;}.elementor-8231 .elementor-element.elementor-element-4c7b1ad .elementor-heading-title{font-size:11px;}.elementor-8231 .elementor-element.elementor-element-bb9b8f6{--width:50%;}.elementor-8231 .elementor-element.elementor-element-8e6ad08 .elementor-heading-title{font-size:11px;}.elementor-8231 .elementor-element.elementor-element-e27ebbf .elementor-heading-title{font-size:11px;}}@media(min-width:768px){.elementor-8231 .elementor-element.elementor-element-6bdb519{--content-width:570px;}}<\/style>\t\t<div data-elementor-type=\"loop-item\" data-elementor-id=\"8231\" class=\"elementor elementor-8231 e-loop-item e-loop-item-8740 post-8740 propiedad type-propiedad status-publish has-post-thumbnail hentry category-renta\" data-elementor-post-type=\"elementor_library\" data-custom-edit-handle=\"1\">\n\t\t\t<div class=\"elementor-element elementor-element-6bdb519 e-flex e-con-boxed e-con e-parent\" data-id=\"6bdb519\" data-element_type=\"container\" data-e-type=\"container\" data-settings=\"{&quot;ekit_has_onepagescroll_dot&quot;:&quot;yes&quot;}\">\n\t\t\t\t\t<div class=\"e-con-inner\">\n\t\t\t\t<div class=\"elementor-element elementor-element-8fd1952 elementor-widget elementor-widget-heading\" data-id=\"8fd1952\" data-element_type=\"widget\" data-e-type=\"widget\" data-settings=\"{&quot;ekit_we_effect_on&quot;:&quot;none&quot;}\" data-widget_type=\"heading.default\">\n\t\t\t\t<div class=\"elementor-widget-container\">\n\t\t\t\t\t<p class=\"elementor-heading-title elementor-size-default\"><a href=\"https:\/\/altahabitat.mx\/en\/propiedad\/rosa-morada\">\/Rosa Morada<\/a><\/p>\t\t\t\t<\/div>\n\t\t\t\t<\/div>\n\t\t<div class=\"elementor-element elementor-element-722364d e-con-full e-flex e-con e-child\" data-id=\"722364d\" data-element_type=\"container\" data-e-type=\"container\" data-settings=\"{&quot;ekit_has_onepagescroll_dot&quot;:&quot;yes&quot;}\">\n\t\t\t\t<div class=\"elementor-element elementor-element-5c9f345 elementor-widget elementor-widget-heading\" data-id=\"5c9f345\" data-element_type=\"widget\" data-e-type=\"widget\" data-settings=\"{&quot;ekit_we_effect_on&quot;:&quot;none&quot;}\" data-widget_type=\"heading.default\">\n\t\t\t\t<div class=\"elementor-widget-container\">\n\t\t\t\t\t<p class=\"elementor-heading-title elementor-size-default\">Desde: $1000 USD<\/p>\t\t\t\t<\/div>\n\t\t\t\t<\/div>\n\t\t\t\t<\/div>\n\t\t\t\t<div class=\"elementor-element elementor-element-59111fe elementor-widget elementor-widget-image\" data-id=\"59111fe\" data-element_type=\"widget\" data-e-type=\"widget\" data-settings=\"{&quot;ekit_we_effect_on&quot;:&quot;none&quot;}\" data-widget_type=\"image.default\">\n\t\t\t\t<div class=\"elementor-widget-container\">\n\t\t\t\t\t\t\t\t\t\t\t\t\t\t\t\t<a href=\"https:\/\/altahabitat.mx\/en\/propiedad\/rosa-morada\">\n\t\t\t\t\t\t\t<img decoding=\"async\" src=\"https:\/\/altahabitat.mx\/wp-content\/uploads\/elementor\/thumbs\/ViviendasSanPancho_05-qlugt8nabmm8x0ftctxgs3u7jsizljkaktri2kw43o.jpg\" title=\"ViviendasSanPancho_05\" alt=\"Rosa MoradaUn exclusivo desarrollo ubicado en un acantilado privado junto a la playa, que te brinda la oportunidad de descubrir una joya oculta en la costa del Pac\u00edfico mexicano.\" loading=\"lazy\" \/>\t\t\t\t\t\t\t\t<\/a>\n\t\t\t\t\t\t\t\t\t\t\t\t\t\t\t<\/div>\n\t\t\t\t<\/div>\n\t\t<div class=\"elementor-element elementor-element-027a121 e-con-full e-flex e-con e-child\" data-id=\"027a121\" data-element_type=\"container\" data-e-type=\"container\" data-settings=\"{&quot;ekit_has_onepagescroll_dot&quot;:&quot;yes&quot;}\">\n\t\t<div class=\"elementor-element elementor-element-226e00f e-con-full e-flex e-con e-child\" data-id=\"226e00f\" data-element_type=\"container\" data-e-type=\"container\" data-settings=\"{&quot;ekit_has_onepagescroll_dot&quot;:&quot;yes&quot;}\">\n\t\t\t\t<div class=\"elementor-element elementor-element-4c7b1ad elementor-widget elementor-widget-heading\" data-id=\"4c7b1ad\" data-element_type=\"widget\" data-e-type=\"widget\" data-settings=\"{&quot;ekit_we_effect_on&quot;:&quot;none&quot;}\" data-widget_type=\"heading.default\">\n\t\t\t\t<div class=\"elementor-widget-container\">\n\t\t\t\t\t<p class=\"elementor-heading-title elementor-size-default\">En Renta<\/p>\t\t\t\t<\/div>\n\t\t\t\t<\/div>\n\t\t\t\t<\/div>\n\t\t<div class=\"elementor-element elementor-element-bb9b8f6 e-con-full e-flex e-con e-child\" data-id=\"bb9b8f6\" data-element_type=\"container\" data-e-type=\"container\" data-settings=\"{&quot;ekit_has_onepagescroll_dot&quot;:&quot;yes&quot;}\">\n\t\t\t\t<div class=\"elementor-element elementor-element-8e6ad08 elementor-widget elementor-widget-heading\" data-id=\"8e6ad08\" data-element_type=\"widget\" data-e-type=\"widget\" data-settings=\"{&quot;ekit_we_effect_on&quot;:&quot;none&quot;}\" data-widget_type=\"heading.default\">\n\t\t\t\t<div class=\"elementor-widget-container\">\n\t\t\t\t\t<p class=\"elementor-heading-title elementor-size-default\"><a href=\"https:\/\/altahabitat.mx\/en\/propiedad\/rosa-morada\">\/Explorar<\/a><\/p>\t\t\t\t<\/div>\n\t\t\t\t<\/div>\n\t\t\t\t<\/div>\n\t\t\t\t<\/div>\n\t\t\t\t<div class=\"elementor-element elementor-element-e27ebbf elementor-widget elementor-widget-heading\" data-id=\"e27ebbf\" data-element_type=\"widget\" data-e-type=\"widget\" data-settings=\"{&quot;ekit_we_effect_on&quot;:&quot;none&quot;}\" data-widget_type=\"heading.default\">\n\t\t\t\t<div class=\"elementor-widget-container\">\n\t\t\t\t\t<p class=\"elementor-heading-title elementor-size-default\">San Pancho, Nayarit<\/p>\t\t\t\t<\/div>\n\t\t\t\t<\/div>\n\t\t\t\t\t<\/div>\n\t\t\t\t<\/div>\n\t\t\t\t<\/div>\n\t\t\t\t<div data-elementor-type=\"loop-item\" data-elementor-id=\"8231\" class=\"elementor elementor-8231 e-loop-item e-loop-item-8734 post-8734 propiedad type-propiedad status-publish has-post-thumbnail hentry category-renta\" data-elementor-post-type=\"elementor_library\" data-custom-edit-handle=\"1\">\n\t\t\t<div class=\"elementor-element elementor-element-6bdb519 e-flex e-con-boxed e-con e-parent\" data-id=\"6bdb519\" data-element_type=\"container\" data-e-type=\"container\" data-settings=\"{&quot;ekit_has_onepagescroll_dot&quot;:&quot;yes&quot;}\">\n\t\t\t\t\t<div class=\"e-con-inner\">\n\t\t\t\t<div class=\"elementor-element elementor-element-8fd1952 elementor-widget elementor-widget-heading\" data-id=\"8fd1952\" data-element_type=\"widget\" data-e-type=\"widget\" data-settings=\"{&quot;ekit_we_effect_on&quot;:&quot;none&quot;}\" data-widget_type=\"heading.default\">\n\t\t\t\t<div class=\"elementor-widget-container\">\n\t\t\t\t\t<p class=\"elementor-heading-title elementor-size-default\"><a href=\"https:\/\/altahabitat.mx\/en\/propiedad\/mazul\">\/Mazul<\/a><\/p>\t\t\t\t<\/div>\n\t\t\t\t<\/div>\n\t\t<div class=\"elementor-element elementor-element-722364d e-con-full e-flex e-con e-child\" data-id=\"722364d\" data-element_type=\"container\" data-e-type=\"container\" data-settings=\"{&quot;ekit_has_onepagescroll_dot&quot;:&quot;yes&quot;}\">\n\t\t\t\t<div class=\"elementor-element elementor-element-5c9f345 elementor-widget elementor-widget-heading\" data-id=\"5c9f345\" data-element_type=\"widget\" data-e-type=\"widget\" data-settings=\"{&quot;ekit_we_effect_on&quot;:&quot;none&quot;}\" data-widget_type=\"heading.default\">\n\t\t\t\t<div class=\"elementor-widget-container\">\n\t\t\t\t\t<p class=\"elementor-heading-title elementor-size-default\">Desde: $350 USD<\/p>\t\t\t\t<\/div>\n\t\t\t\t<\/div>\n\t\t\t\t<\/div>\n\t\t\t\t<div class=\"elementor-element elementor-element-59111fe elementor-widget elementor-widget-image\" data-id=\"59111fe\" data-element_type=\"widget\" data-e-type=\"widget\" data-settings=\"{&quot;ekit_we_effect_on&quot;:&quot;none&quot;}\" data-widget_type=\"image.default\">\n\t\t\t\t<div class=\"elementor-widget-container\">\n\t\t\t\t\t\t\t\t\t\t\t\t\t\t\t\t<a href=\"https:\/\/altahabitat.mx\/en\/propiedad\/mazul\">\n\t\t\t\t\t\t\t<img decoding=\"async\" src=\"https:\/\/altahabitat.mx\/wp-content\/uploads\/elementor\/thumbs\/MAZUL-1-qjr9l48xi5236wpd0nnybbudwv2bnsmu20btv3ziro.jpg\" title=\"MAZUL 1\" alt=\"MAZUL 1\" loading=\"lazy\" \/>\t\t\t\t\t\t\t\t<\/a>\n\t\t\t\t\t\t\t\t\t\t\t\t\t\t\t<\/div>\n\t\t\t\t<\/div>\n\t\t<div class=\"elementor-element elementor-element-027a121 e-con-full e-flex e-con e-child\" data-id=\"027a121\" data-element_type=\"container\" data-e-type=\"container\" data-settings=\"{&quot;ekit_has_onepagescroll_dot&quot;:&quot;yes&quot;}\">\n\t\t<div class=\"elementor-element elementor-element-226e00f e-con-full e-flex e-con e-child\" data-id=\"226e00f\" data-element_type=\"container\" data-e-type=\"container\" data-settings=\"{&quot;ekit_has_onepagescroll_dot&quot;:&quot;yes&quot;}\">\n\t\t\t\t<div class=\"elementor-element elementor-element-4c7b1ad elementor-widget elementor-widget-heading\" data-id=\"4c7b1ad\" data-element_type=\"widget\" data-e-type=\"widget\" data-settings=\"{&quot;ekit_we_effect_on&quot;:&quot;none&quot;}\" data-widget_type=\"heading.default\">\n\t\t\t\t<div class=\"elementor-widget-container\">\n\t\t\t\t\t<p class=\"elementor-heading-title elementor-size-default\">En Renta<\/p>\t\t\t\t<\/div>\n\t\t\t\t<\/div>\n\t\t\t\t<\/div>\n\t\t<div class=\"elementor-element elementor-element-bb9b8f6 e-con-full e-flex e-con e-child\" data-id=\"bb9b8f6\" data-element_type=\"container\" data-e-type=\"container\" data-settings=\"{&quot;ekit_has_onepagescroll_dot&quot;:&quot;yes&quot;}\">\n\t\t\t\t<div class=\"elementor-element elementor-element-8e6ad08 elementor-widget elementor-widget-heading\" data-id=\"8e6ad08\" data-element_type=\"widget\" data-e-type=\"widget\" data-settings=\"{&quot;ekit_we_effect_on&quot;:&quot;none&quot;}\" data-widget_type=\"heading.default\">\n\t\t\t\t<div class=\"elementor-widget-container\">\n\t\t\t\t\t<p class=\"elementor-heading-title elementor-size-default\"><a href=\"https:\/\/altahabitat.mx\/en\/propiedad\/mazul\">\/Explorar<\/a><\/p>\t\t\t\t<\/div>\n\t\t\t\t<\/div>\n\t\t\t\t<\/div>\n\t\t\t\t<\/div>\n\t\t\t\t<div class=\"elementor-element elementor-element-e27ebbf elementor-widget elementor-widget-heading\" data-id=\"e27ebbf\" data-element_type=\"widget\" data-e-type=\"widget\" data-settings=\"{&quot;ekit_we_effect_on&quot;:&quot;none&quot;}\" data-widget_type=\"heading.default\">\n\t\t\t\t<div class=\"elementor-widget-container\">\n\t\t\t\t\t<p class=\"elementor-heading-title elementor-size-default\">Puerto Escondido, Oaxaca<\/p>\t\t\t\t<\/div>\n\t\t\t\t<\/div>\n\t\t\t\t\t<\/div>\n\t\t\t\t<\/div>\n\t\t\t\t<\/div>\n\t\t\t\t<div data-elementor-type=\"loop-item\" data-elementor-id=\"8231\" class=\"elementor elementor-8231 e-loop-item e-loop-item-8728 post-8728 propiedad type-propiedad status-publish has-post-thumbnail hentry category-renta\" data-elementor-post-type=\"elementor_library\" data-custom-edit-handle=\"1\">\n\t\t\t<div class=\"elementor-element elementor-element-6bdb519 e-flex e-con-boxed e-con e-parent\" data-id=\"6bdb519\" data-element_type=\"container\" data-e-type=\"container\" data-settings=\"{&quot;ekit_has_onepagescroll_dot&quot;:&quot;yes&quot;}\">\n\t\t\t\t\t<div class=\"e-con-inner\">\n\t\t\t\t<div class=\"elementor-element elementor-element-8fd1952 elementor-widget elementor-widget-heading\" data-id=\"8fd1952\" data-element_type=\"widget\" data-e-type=\"widget\" data-settings=\"{&quot;ekit_we_effect_on&quot;:&quot;none&quot;}\" data-widget_type=\"heading.default\">\n\t\t\t\t<div class=\"elementor-widget-container\">\n\t\t\t\t\t<p class=\"elementor-heading-title elementor-size-default\"><a href=\"https:\/\/altahabitat.mx\/en\/propiedad\/finestre\">\/Finestre<\/a><\/p>\t\t\t\t<\/div>\n\t\t\t\t<\/div>\n\t\t<div class=\"elementor-element elementor-element-722364d e-con-full e-flex e-con e-child\" data-id=\"722364d\" data-element_type=\"container\" data-e-type=\"container\" data-settings=\"{&quot;ekit_has_onepagescroll_dot&quot;:&quot;yes&quot;}\">\n\t\t\t\t<div class=\"elementor-element elementor-element-5c9f345 elementor-widget elementor-widget-heading\" data-id=\"5c9f345\" data-element_type=\"widget\" data-e-type=\"widget\" data-settings=\"{&quot;ekit_we_effect_on&quot;:&quot;none&quot;}\" data-widget_type=\"heading.default\">\n\t\t\t\t<div class=\"elementor-widget-container\">\n\t\t\t\t\t<p class=\"elementor-heading-title elementor-size-default\">Desde: $1,000 USD<\/p>\t\t\t\t<\/div>\n\t\t\t\t<\/div>\n\t\t\t\t<\/div>\n\t\t\t\t<div class=\"elementor-element elementor-element-59111fe elementor-widget elementor-widget-image\" data-id=\"59111fe\" data-element_type=\"widget\" data-e-type=\"widget\" data-settings=\"{&quot;ekit_we_effect_on&quot;:&quot;none&quot;}\" data-widget_type=\"image.default\">\n\t\t\t\t<div class=\"elementor-widget-container\">\n\t\t\t\t\t\t\t\t\t\t\t\t\t\t\t\t<a href=\"https:\/\/altahabitat.mx\/en\/propiedad\/finestre\">\n\t\t\t\t\t\t\t<img decoding=\"async\" src=\"https:\/\/altahabitat.mx\/wp-content\/uploads\/elementor\/thumbs\/n1-fase-iii-zihuatanejo-guerrero-qbl6uso4sjbxwc52oxqfepw8qwh5swfoxnqrxfuo5g.jpg\" title=\"n1-fase-iii-zihuatanejo-guerrero\" alt=\"n1-fase-iii-zihuatanejo-guerrero\" loading=\"lazy\" \/>\t\t\t\t\t\t\t\t<\/a>\n\t\t\t\t\t\t\t\t\t\t\t\t\t\t\t<\/div>\n\t\t\t\t<\/div>\n\t\t<div class=\"elementor-element elementor-element-027a121 e-con-full e-flex e-con e-child\" data-id=\"027a121\" data-element_type=\"container\" data-e-type=\"container\" data-settings=\"{&quot;ekit_has_onepagescroll_dot&quot;:&quot;yes&quot;}\">\n\t\t<div class=\"elementor-element elementor-element-226e00f e-con-full e-flex e-con e-child\" data-id=\"226e00f\" data-element_type=\"container\" data-e-type=\"container\" data-settings=\"{&quot;ekit_has_onepagescroll_dot&quot;:&quot;yes&quot;}\">\n\t\t\t\t<div class=\"elementor-element elementor-element-4c7b1ad elementor-widget elementor-widget-heading\" data-id=\"4c7b1ad\" data-element_type=\"widget\" data-e-type=\"widget\" data-settings=\"{&quot;ekit_we_effect_on&quot;:&quot;none&quot;}\" data-widget_type=\"heading.default\">\n\t\t\t\t<div class=\"elementor-widget-container\">\n\t\t\t\t\t<p class=\"elementor-heading-title elementor-size-default\">En Renta<\/p>\t\t\t\t<\/div>\n\t\t\t\t<\/div>\n\t\t\t\t<\/div>\n\t\t<div class=\"elementor-element elementor-element-bb9b8f6 e-con-full e-flex e-con e-child\" data-id=\"bb9b8f6\" data-element_type=\"container\" data-e-type=\"container\" data-settings=\"{&quot;ekit_has_onepagescroll_dot&quot;:&quot;yes&quot;}\">\n\t\t\t\t<div class=\"elementor-element elementor-element-8e6ad08 elementor-widget elementor-widget-heading\" data-id=\"8e6ad08\" data-element_type=\"widget\" data-e-type=\"widget\" data-settings=\"{&quot;ekit_we_effect_on&quot;:&quot;none&quot;}\" data-widget_type=\"heading.default\">\n\t\t\t\t<div class=\"elementor-widget-container\">\n\t\t\t\t\t<p class=\"elementor-heading-title elementor-size-default\"><a href=\"https:\/\/altahabitat.mx\/en\/propiedad\/finestre\">\/Explorar<\/a><\/p>\t\t\t\t<\/div>\n\t\t\t\t<\/div>\n\t\t\t\t<\/div>\n\t\t\t\t<\/div>\n\t\t\t\t<div class=\"elementor-element elementor-element-e27ebbf elementor-widget elementor-widget-heading\" data-id=\"e27ebbf\" data-element_type=\"widget\" data-e-type=\"widget\" data-settings=\"{&quot;ekit_we_effect_on&quot;:&quot;none&quot;}\" data-widget_type=\"heading.default\">\n\t\t\t\t<div class=\"elementor-widget-container\">\n\t\t\t\t\t<p class=\"elementor-heading-title elementor-size-default\">Ixtapa Zihuatanejo, Gro.<\/p>\t\t\t\t<\/div>\n\t\t\t\t<\/div>\n\t\t\t\t\t<\/div>\n\t\t\t\t<\/div>\n\t\t\t\t<\/div>\n\t\t\t\t<\/div>\n\t\t\n\t\t\t\t\t\t<\/div>\n\t\t\t\t<\/div>\n\t\t\t\t<\/div>\n\t\t\t\t<\/div>\n\t\t","protected":false},"excerpt":{"rendered":"<p>\/rentals Vive la experiencia y hosp\u00e9date en exclusivos desarrollos ubicados en los destinos m\u00e1s prestigiosos de M\u00e9xico, dise\u00f1ados por algunos de los arquitectos contempor\u00e1neos m\u00e1s destacados del momento. Descubre espacios \u00fanicos donde el dise\u00f1o y el entorno se conectan de forma excepcional.<\/p>","protected":false},"author":8,"featured_media":0,"parent":0,"menu_order":0,"comment_status":"closed","ping_status":"closed","template":"elementor_header_footer","meta":{"_acf_changed":false,"inline_featured_image":false,"_joinchat":[],"footnotes":""},"class_list":["post-8229","page","type-page","status-publish","hentry"],"acf":[],"aioseo_notices":[],"_links":{"self":[{"href":"https:\/\/altahabitat.mx\/en\/wp-json\/wp\/v2\/pages\/8229","targetHints":{"allow":["GET"]}}],"collection":[{"href":"https:\/\/altahabitat.mx\/en\/wp-json\/wp\/v2\/pages"}],"about":[{"href":"https:\/\/altahabitat.mx\/en\/wp-json\/wp\/v2\/types\/page"}],"author":[{"embeddable":true,"href":"https:\/\/altahabitat.mx\/en\/wp-json\/wp\/v2\/users\/8"}],"replies":[{"embeddable":true,"href":"https:\/\/altahabitat.mx\/en\/wp-json\/wp\/v2\/comments?post=8229"}],"version-history":[{"count":49,"href":"https:\/\/altahabitat.mx\/en\/wp-json\/wp\/v2\/pages\/8229\/revisions"}],"predecessor-version":[{"id":10198,"href":"https:\/\/altahabitat.mx\/en\/wp-json\/wp\/v2\/pages\/8229\/revisions\/10198"}],"wp:attachment":[{"href":"https:\/\/altahabitat.mx\/en\/wp-json\/wp\/v2\/media?parent=8229"}],"curies":[{"name":"wp","href":"https:\/\/api.w.org\/{rel}","templated":true}]}}