{"id":8300,"date":"2025-07-25T23:41:14","date_gmt":"2025-07-26T05:41:14","guid":{"rendered":"https:\/\/altahabitat.mx\/?page_id=8300"},"modified":"2025-08-25T23:22:18","modified_gmt":"2025-08-26T05:22:18","slug":"desarrollos-ah","status":"publish","type":"page","link":"https:\/\/altahabitat.mx\/en\/desarrollos-ah","title":{"rendered":"Developments"},"content":{"rendered":"\t\t<div data-elementor-type=\"wp-page\" data-elementor-id=\"8300\" class=\"elementor elementor-8300\" data-elementor-post-type=\"page\">\n\t\t\t\t<div class=\"elementor-element elementor-element-fabb333 e-con-full e-flex e-con e-parent\" data-id=\"fabb333\" data-element_type=\"container\" data-e-type=\"container\" data-settings=\"{&quot;background_background&quot;:&quot;classic&quot;,&quot;ekit_has_onepagescroll_dot&quot;:&quot;yes&quot;}\">\n\t\t\t\t<div class=\"elementor-element elementor-element-68705a0 elementor-widget elementor-widget-heading\" data-id=\"68705a0\" data-element_type=\"widget\" data-e-type=\"widget\" data-settings=\"{&quot;ekit_we_effect_on&quot;:&quot;none&quot;}\" data-widget_type=\"heading.default\">\n\t\t\t\t<div class=\"elementor-widget-container\">\n\t\t\t\t\t<p class=\"elementor-heading-title elementor-size-default\">\/Desarrollos<\/p>\t\t\t\t<\/div>\n\t\t\t\t<\/div>\n\t\t\t\t<div class=\"elementor-element elementor-element-3fbf6d5 elementor-widget__width-initial elementor-widget elementor-widget-heading\" data-id=\"3fbf6d5\" data-element_type=\"widget\" data-e-type=\"widget\" data-settings=\"{&quot;ekit_we_effect_on&quot;:&quot;none&quot;}\" data-widget_type=\"heading.default\">\n\t\t\t\t<div class=\"elementor-widget-container\">\n\t\t\t\t\t<span class=\"elementor-heading-title elementor-size-default\">Nos complace presentarte una selecci\u00f3n de los proyectos desarrollados por nuestra firma, donde la calidad arquitect\u00f3nica y la experiencia en cada residencia son nuestras principales prioridades.<\/span>\t\t\t\t<\/div>\n\t\t\t\t<\/div>\n\t\t\t\t<div class=\"elementor-element elementor-element-375059d elementor-widget__width-initial elementor-widget elementor-widget-heading\" data-id=\"375059d\" data-element_type=\"widget\" data-e-type=\"widget\" data-settings=\"{&quot;ekit_we_effect_on&quot;:&quot;none&quot;}\" data-widget_type=\"heading.default\">\n\t\t\t\t<div class=\"elementor-widget-container\">\n\t\t\t\t\t<span class=\"elementor-heading-title elementor-size-default\">Queremos mostrarte c\u00f3mo cada proyecto es una combinaci\u00f3n de dise\u00f1o innovador, atenci\u00f3n meticulosa a los detalles y la creaci\u00f3n de espacios que te brindar\u00e1n una experiencia \u00fanica.<\/span>\t\t\t\t<\/div>\n\t\t\t\t<\/div>\n\t\t\t\t<\/div>\n\t\t<div class=\"elementor-element elementor-element-776ed30 e-con-full e-flex e-con e-parent\" data-id=\"776ed30\" data-element_type=\"container\" data-e-type=\"container\" data-settings=\"{&quot;background_background&quot;:&quot;classic&quot;,&quot;ekit_has_onepagescroll_dot&quot;:&quot;yes&quot;}\">\n\t\t\t\t<div class=\"elementor-element elementor-element-4aa7302 elementor-grid-mobile-2 elementor-grid-3 elementor-grid-tablet-2 elementor-widget elementor-widget-loop-grid\" data-id=\"4aa7302\" data-element_type=\"widget\" data-e-type=\"widget\" data-settings=\"{&quot;template_id&quot;:8773,&quot;columns_mobile&quot;:2,&quot;row_gap_mobile&quot;:{&quot;unit&quot;:&quot;px&quot;,&quot;size&quot;:40,&quot;sizes&quot;:[]},&quot;_skin&quot;:&quot;post&quot;,&quot;columns&quot;:&quot;3&quot;,&quot;columns_tablet&quot;:&quot;2&quot;,&quot;edit_handle_selector&quot;:&quot;[data-elementor-type=\\&quot;loop-item\\&quot;]&quot;,&quot;row_gap&quot;:{&quot;unit&quot;:&quot;px&quot;,&quot;size&quot;:&quot;&quot;,&quot;sizes&quot;:[]},&quot;row_gap_tablet&quot;:{&quot;unit&quot;:&quot;px&quot;,&quot;size&quot;:&quot;&quot;,&quot;sizes&quot;:[]},&quot;ekit_we_effect_on&quot;:&quot;none&quot;}\" data-widget_type=\"loop-grid.post\">\n\t\t\t\t<div class=\"elementor-widget-container\">\n\t\t\t\t\t\t\t<div class=\"elementor-loop-container elementor-grid\" role=\"list\">\n\t\t<style id=\"loop-8773\">.elementor-8773 .elementor-element.elementor-element-f0e42ed{--display:flex;--flex-direction:column;--container-widget-width:100%;--container-widget-height:initial;--container-widget-flex-grow:0;--container-widget-align-self:initial;--flex-wrap-mobile:wrap;--padding-top:0px;--padding-bottom:0px;--padding-left:0px;--padding-right:0px;overflow:visible;}.elementor-widget-image .widget-image-caption{color:var( --e-global-color-text );font-family:var( --e-global-typography-text-font-family ), Sans-serif;font-weight:var( --e-global-typography-text-font-weight );}.elementor-8773 .elementor-element.elementor-element-7cbf592 img{width:100%;}.elementor-8773 .elementor-element.elementor-element-0d25662{--display:flex;--flex-direction:row;--container-widget-width:initial;--container-widget-height:100%;--container-widget-flex-grow:1;--container-widget-align-self:stretch;--flex-wrap-mobile:wrap;--gap:0px 0px;--row-gap:0px;--column-gap:0px;--padding-top:0px;--padding-bottom:0px;--padding-left:0px;--padding-right:0px;overflow:visible;}.elementor-8773 .elementor-element.elementor-element-e386a92{--display:flex;--gap:0px 0px;--row-gap:0px;--column-gap:0px;--padding-top:0px;--padding-bottom:0px;--padding-left:0px;--padding-right:0px;overflow:visible;}.elementor-widget-heading .elementor-heading-title{font-family:var( --e-global-typography-primary-font-family ), Sans-serif;font-weight:var( --e-global-typography-primary-font-weight );color:var( --e-global-color-primary );}.elementor-8773 .elementor-element.elementor-element-62588f1 .elementor-heading-title{font-family:\"DecimaMonoProLt\", Sans-serif;font-size:14px;font-weight:400;text-transform:uppercase;color:var( --e-global-color-29365c0 );}.elementor-8773 .elementor-element.elementor-element-96141c2{--display:flex;--align-items:flex-end;--container-widget-width:calc( ( 1 - var( --container-widget-flex-grow ) ) * 100% );--gap:0px 0px;--row-gap:0px;--column-gap:0px;--padding-top:0px;--padding-bottom:0px;--padding-left:0px;--padding-right:0px;overflow:visible;}.elementor-8773 .elementor-element.elementor-element-d397ea4{text-align:end;}.elementor-8773 .elementor-element.elementor-element-d397ea4 .elementor-heading-title{font-family:\"DecimaMonoPro\", Sans-serif;font-size:14px;font-weight:400;text-transform:uppercase;color:var( --e-global-color-29365c0 );}.elementor-8773 .elementor-element.elementor-element-c1abb50 .elementor-heading-title{font-family:\"DecimaMonoProLt\", Sans-serif;font-size:14px;font-weight:400;color:var( --e-global-color-29365c0 );}.elementor-8773 .elementor-element.elementor-element-c1abb50 > .elementor-widget-container{margin:-10px 0px 0px 0px;}@media(max-width:767px){.elementor-8773 .elementor-element.elementor-element-f0e42ed{--content-width:100%;}.elementor-8773 .elementor-element.elementor-element-e386a92{--width:50%;}.elementor-8773 .elementor-element.elementor-element-62588f1 .elementor-heading-title{font-size:10px;}.elementor-8773 .elementor-element.elementor-element-96141c2{--width:50%;}.elementor-8773 .elementor-element.elementor-element-d397ea4 .elementor-heading-title{font-size:11px;}.elementor-8773 .elementor-element.elementor-element-c1abb50{text-align:start;}.elementor-8773 .elementor-element.elementor-element-c1abb50 .elementor-heading-title{font-size:9px;}}@media(min-width:768px){.elementor-8773 .elementor-element.elementor-element-f0e42ed{--content-width:570px;}}<\/style>\t\t<div data-elementor-type=\"loop-item\" data-elementor-id=\"8773\" class=\"elementor elementor-8773 e-loop-item e-loop-item-8792 post-8792 desarrollos type-desarrollos status-publish has-post-thumbnail hentry\" data-elementor-post-type=\"elementor_library\" data-custom-edit-handle=\"1\">\n\t\t\t<div class=\"elementor-element elementor-element-f0e42ed e-flex e-con-boxed e-con e-parent\" data-id=\"f0e42ed\" data-element_type=\"container\" data-e-type=\"container\" data-settings=\"{&quot;ekit_has_onepagescroll_dot&quot;:&quot;yes&quot;}\">\n\t\t\t\t\t<div class=\"e-con-inner\">\n\t\t\t\t<div class=\"elementor-element elementor-element-7cbf592 elementor-widget elementor-widget-image\" data-id=\"7cbf592\" data-element_type=\"widget\" data-e-type=\"widget\" data-settings=\"{&quot;ekit_we_effect_on&quot;:&quot;none&quot;}\" data-widget_type=\"image.default\">\n\t\t\t\t<div class=\"elementor-widget-container\">\n\t\t\t\t\t\t\t\t\t\t\t\t\t\t\t\t<a href=\"https:\/\/altahabitat.mx\/en\/desarrollos\/casa-yaax\">\n\t\t\t\t\t\t\t<img decoding=\"async\" src=\"https:\/\/altahabitat.mx\/wp-content\/uploads\/elementor\/thumbs\/casa-yaax-ejido-quintana-roo-qblehcd2zh5z03cgj40j6xs31h9p29d9ojhd5ys0qs.jpg\" title=\"casa-yaax-ejido-quintana-roo\" alt=\"casa-yaax-ejido-quintana-roo\" loading=\"lazy\" \/>\t\t\t\t\t\t\t\t<\/a>\n\t\t\t\t\t\t\t\t\t\t\t\t\t\t\t<\/div>\n\t\t\t\t<\/div>\n\t\t<div class=\"elementor-element elementor-element-0d25662 e-con-full e-flex e-con e-child\" data-id=\"0d25662\" data-element_type=\"container\" data-e-type=\"container\" data-settings=\"{&quot;ekit_has_onepagescroll_dot&quot;:&quot;yes&quot;}\">\n\t\t<div class=\"elementor-element elementor-element-e386a92 e-con-full e-flex e-con e-child\" data-id=\"e386a92\" data-element_type=\"container\" data-e-type=\"container\" data-settings=\"{&quot;ekit_has_onepagescroll_dot&quot;:&quot;yes&quot;}\">\n\t\t\t\t<div class=\"elementor-element elementor-element-62588f1 elementor-widget elementor-widget-heading\" data-id=\"62588f1\" data-element_type=\"widget\" data-e-type=\"widget\" data-settings=\"{&quot;ekit_we_effect_on&quot;:&quot;none&quot;}\" data-widget_type=\"heading.default\">\n\t\t\t\t<div class=\"elementor-widget-container\">\n\t\t\t\t\t<p class=\"elementor-heading-title elementor-size-default\">Casa Yaax<\/p>\t\t\t\t<\/div>\n\t\t\t\t<\/div>\n\t\t\t\t<\/div>\n\t\t<div class=\"elementor-element elementor-element-96141c2 e-con-full e-flex e-con e-child\" data-id=\"96141c2\" data-element_type=\"container\" data-e-type=\"container\" data-settings=\"{&quot;ekit_has_onepagescroll_dot&quot;:&quot;yes&quot;}\">\n\t\t\t\t<div class=\"elementor-element elementor-element-d397ea4 elementor-widget elementor-widget-heading\" data-id=\"d397ea4\" data-element_type=\"widget\" data-e-type=\"widget\" data-settings=\"{&quot;ekit_we_effect_on&quot;:&quot;none&quot;}\" data-widget_type=\"heading.default\">\n\t\t\t\t<div class=\"elementor-widget-container\">\n\t\t\t\t\t<p class=\"elementor-heading-title elementor-size-default\"><a href=\"https:\/\/altahabitat.mx\/en\/desarrollos\/casa-yaax\">\/Explorar<\/a><\/p>\t\t\t\t<\/div>\n\t\t\t\t<\/div>\n\t\t\t\t<\/div>\n\t\t\t\t<\/div>\n\t\t\t\t<div class=\"elementor-element elementor-element-c1abb50 elementor-widget elementor-widget-heading\" data-id=\"c1abb50\" data-element_type=\"widget\" data-e-type=\"widget\" data-settings=\"{&quot;ekit_we_effect_on&quot;:&quot;none&quot;}\" data-widget_type=\"heading.default\">\n\t\t\t\t<div class=\"elementor-widget-container\">\n\t\t\t\t\t<p class=\"elementor-heading-title elementor-size-default\">Ejido, Quintana Roo<\/p>\t\t\t\t<\/div>\n\t\t\t\t<\/div>\n\t\t\t\t\t<\/div>\n\t\t\t\t<\/div>\n\t\t\t\t<\/div>\n\t\t\t\t<div data-elementor-type=\"loop-item\" data-elementor-id=\"8773\" class=\"elementor elementor-8773 e-loop-item e-loop-item-8787 post-8787 desarrollos type-desarrollos status-publish has-post-thumbnail hentry\" data-elementor-post-type=\"elementor_library\" data-custom-edit-handle=\"1\">\n\t\t\t<div class=\"elementor-element elementor-element-f0e42ed e-flex e-con-boxed e-con e-parent\" data-id=\"f0e42ed\" data-element_type=\"container\" data-e-type=\"container\" data-settings=\"{&quot;ekit_has_onepagescroll_dot&quot;:&quot;yes&quot;}\">\n\t\t\t\t\t<div class=\"e-con-inner\">\n\t\t\t\t<div class=\"elementor-element elementor-element-7cbf592 elementor-widget elementor-widget-image\" data-id=\"7cbf592\" data-element_type=\"widget\" data-e-type=\"widget\" data-settings=\"{&quot;ekit_we_effect_on&quot;:&quot;none&quot;}\" data-widget_type=\"image.default\">\n\t\t\t\t<div class=\"elementor-widget-container\">\n\t\t\t\t\t\t\t\t\t\t\t\t\t\t\t\t<a href=\"https:\/\/altahabitat.mx\/en\/desarrollos\/casa-olivo\">\n\t\t\t\t\t\t\t<img decoding=\"async\" src=\"https:\/\/altahabitat.mx\/wp-content\/uploads\/elementor\/thumbs\/1-4-raiozruriryprvokh0vzjsq747i358mlnd8clkdsck.jpg\" title=\"1\" alt=\"1\" loading=\"lazy\" \/>\t\t\t\t\t\t\t\t<\/a>\n\t\t\t\t\t\t\t\t\t\t\t\t\t\t\t<\/div>\n\t\t\t\t<\/div>\n\t\t<div class=\"elementor-element elementor-element-0d25662 e-con-full e-flex e-con e-child\" data-id=\"0d25662\" data-element_type=\"container\" data-e-type=\"container\" data-settings=\"{&quot;ekit_has_onepagescroll_dot&quot;:&quot;yes&quot;}\">\n\t\t<div class=\"elementor-element elementor-element-e386a92 e-con-full e-flex e-con e-child\" data-id=\"e386a92\" data-element_type=\"container\" data-e-type=\"container\" data-settings=\"{&quot;ekit_has_onepagescroll_dot&quot;:&quot;yes&quot;}\">\n\t\t\t\t<div class=\"elementor-element elementor-element-62588f1 elementor-widget elementor-widget-heading\" data-id=\"62588f1\" data-element_type=\"widget\" data-e-type=\"widget\" data-settings=\"{&quot;ekit_we_effect_on&quot;:&quot;none&quot;}\" data-widget_type=\"heading.default\">\n\t\t\t\t<div class=\"elementor-widget-container\">\n\t\t\t\t\t<p class=\"elementor-heading-title elementor-size-default\">Casa Olivo<\/p>\t\t\t\t<\/div>\n\t\t\t\t<\/div>\n\t\t\t\t<\/div>\n\t\t<div class=\"elementor-element elementor-element-96141c2 e-con-full e-flex e-con e-child\" data-id=\"96141c2\" data-element_type=\"container\" data-e-type=\"container\" data-settings=\"{&quot;ekit_has_onepagescroll_dot&quot;:&quot;yes&quot;}\">\n\t\t\t\t<div class=\"elementor-element elementor-element-d397ea4 elementor-widget elementor-widget-heading\" data-id=\"d397ea4\" data-element_type=\"widget\" data-e-type=\"widget\" data-settings=\"{&quot;ekit_we_effect_on&quot;:&quot;none&quot;}\" data-widget_type=\"heading.default\">\n\t\t\t\t<div class=\"elementor-widget-container\">\n\t\t\t\t\t<p class=\"elementor-heading-title elementor-size-default\"><a href=\"https:\/\/altahabitat.mx\/en\/desarrollos\/casa-olivo\">\/Explorar<\/a><\/p>\t\t\t\t<\/div>\n\t\t\t\t<\/div>\n\t\t\t\t<\/div>\n\t\t\t\t<\/div>\n\t\t\t\t<div class=\"elementor-element elementor-element-c1abb50 elementor-widget elementor-widget-heading\" data-id=\"c1abb50\" data-element_type=\"widget\" data-e-type=\"widget\" data-settings=\"{&quot;ekit_we_effect_on&quot;:&quot;none&quot;}\" data-widget_type=\"heading.default\">\n\t\t\t\t<div class=\"elementor-widget-container\">\n\t\t\t\t\t<p class=\"elementor-heading-title elementor-size-default\">Bosque de las Lomas, CDMX.<\/p>\t\t\t\t<\/div>\n\t\t\t\t<\/div>\n\t\t\t\t\t<\/div>\n\t\t\t\t<\/div>\n\t\t\t\t<\/div>\n\t\t\t\t<div data-elementor-type=\"loop-item\" data-elementor-id=\"8773\" class=\"elementor elementor-8773 e-loop-item e-loop-item-8768 post-8768 desarrollos type-desarrollos status-publish has-post-thumbnail hentry\" data-elementor-post-type=\"elementor_library\" data-custom-edit-handle=\"1\">\n\t\t\t<div class=\"elementor-element elementor-element-f0e42ed e-flex e-con-boxed e-con e-parent\" data-id=\"f0e42ed\" data-element_type=\"container\" data-e-type=\"container\" data-settings=\"{&quot;ekit_has_onepagescroll_dot&quot;:&quot;yes&quot;}\">\n\t\t\t\t\t<div class=\"e-con-inner\">\n\t\t\t\t<div class=\"elementor-element elementor-element-7cbf592 elementor-widget elementor-widget-image\" data-id=\"7cbf592\" data-element_type=\"widget\" data-e-type=\"widget\" data-settings=\"{&quot;ekit_we_effect_on&quot;:&quot;none&quot;}\" data-widget_type=\"image.default\">\n\t\t\t\t<div class=\"elementor-widget-container\">\n\t\t\t\t\t\t\t\t\t\t\t\t\t\t\t\t<a href=\"https:\/\/altahabitat.mx\/en\/desarrollos\/finestre\">\n\t\t\t\t\t\t\t<img decoding=\"async\" src=\"https:\/\/altahabitat.mx\/wp-content\/uploads\/elementor\/thumbs\/finestre-ixtapa-guerrero-qbleioauo0zlg7etr6qi83olc4peytnkv4r4n2sxxg.jpg\" title=\"finestre-ixtapa-guerrero\" alt=\"finestre-ixtapa-guerrero\" loading=\"lazy\" \/>\t\t\t\t\t\t\t\t<\/a>\n\t\t\t\t\t\t\t\t\t\t\t\t\t\t\t<\/div>\n\t\t\t\t<\/div>\n\t\t<div class=\"elementor-element elementor-element-0d25662 e-con-full e-flex e-con e-child\" data-id=\"0d25662\" data-element_type=\"container\" data-e-type=\"container\" data-settings=\"{&quot;ekit_has_onepagescroll_dot&quot;:&quot;yes&quot;}\">\n\t\t<div class=\"elementor-element elementor-element-e386a92 e-con-full e-flex e-con e-child\" data-id=\"e386a92\" data-element_type=\"container\" data-e-type=\"container\" data-settings=\"{&quot;ekit_has_onepagescroll_dot&quot;:&quot;yes&quot;}\">\n\t\t\t\t<div class=\"elementor-element elementor-element-62588f1 elementor-widget elementor-widget-heading\" data-id=\"62588f1\" data-element_type=\"widget\" data-e-type=\"widget\" data-settings=\"{&quot;ekit_we_effect_on&quot;:&quot;none&quot;}\" data-widget_type=\"heading.default\">\n\t\t\t\t<div class=\"elementor-widget-container\">\n\t\t\t\t\t<p class=\"elementor-heading-title elementor-size-default\">Finestre<\/p>\t\t\t\t<\/div>\n\t\t\t\t<\/div>\n\t\t\t\t<\/div>\n\t\t<div class=\"elementor-element elementor-element-96141c2 e-con-full e-flex e-con e-child\" data-id=\"96141c2\" data-element_type=\"container\" data-e-type=\"container\" data-settings=\"{&quot;ekit_has_onepagescroll_dot&quot;:&quot;yes&quot;}\">\n\t\t\t\t<div class=\"elementor-element elementor-element-d397ea4 elementor-widget elementor-widget-heading\" data-id=\"d397ea4\" data-element_type=\"widget\" data-e-type=\"widget\" data-settings=\"{&quot;ekit_we_effect_on&quot;:&quot;none&quot;}\" data-widget_type=\"heading.default\">\n\t\t\t\t<div class=\"elementor-widget-container\">\n\t\t\t\t\t<p class=\"elementor-heading-title elementor-size-default\"><a href=\"https:\/\/altahabitat.mx\/en\/desarrollos\/finestre\">\/Explorar<\/a><\/p>\t\t\t\t<\/div>\n\t\t\t\t<\/div>\n\t\t\t\t<\/div>\n\t\t\t\t<\/div>\n\t\t\t\t<div class=\"elementor-element elementor-element-c1abb50 elementor-widget elementor-widget-heading\" data-id=\"c1abb50\" data-element_type=\"widget\" data-e-type=\"widget\" data-settings=\"{&quot;ekit_we_effect_on&quot;:&quot;none&quot;}\" data-widget_type=\"heading.default\">\n\t\t\t\t<div class=\"elementor-widget-container\">\n\t\t\t\t\t<p class=\"elementor-heading-title elementor-size-default\">Ixtapa, Guerrero.<\/p>\t\t\t\t<\/div>\n\t\t\t\t<\/div>\n\t\t\t\t\t<\/div>\n\t\t\t\t<\/div>\n\t\t\t\t<\/div>\n\t\t\t\t<div data-elementor-type=\"loop-item\" data-elementor-id=\"8773\" class=\"elementor elementor-8773 e-loop-item e-loop-item-8761 post-8761 desarrollos type-desarrollos status-publish has-post-thumbnail hentry\" data-elementor-post-type=\"elementor_library\" data-custom-edit-handle=\"1\">\n\t\t\t<div class=\"elementor-element elementor-element-f0e42ed e-flex e-con-boxed e-con e-parent\" data-id=\"f0e42ed\" data-element_type=\"container\" data-e-type=\"container\" data-settings=\"{&quot;ekit_has_onepagescroll_dot&quot;:&quot;yes&quot;}\">\n\t\t\t\t\t<div class=\"e-con-inner\">\n\t\t\t\t<div class=\"elementor-element elementor-element-7cbf592 elementor-widget elementor-widget-image\" data-id=\"7cbf592\" data-element_type=\"widget\" data-e-type=\"widget\" data-settings=\"{&quot;ekit_we_effect_on&quot;:&quot;none&quot;}\" data-widget_type=\"image.default\">\n\t\t\t\t<div class=\"elementor-widget-container\">\n\t\t\t\t\t\t\t\t\t\t\t\t\t\t\t\t<a href=\"https:\/\/altahabitat.mx\/en\/desarrollos\/alcazar-toledo\">\n\t\t\t\t\t\t\t<img decoding=\"async\" src=\"https:\/\/altahabitat.mx\/wp-content\/uploads\/elementor\/thumbs\/alcazar-toledo-lomas-de-reforma-ciudad-de-mexico-qblejembzdzmhaclhi425x1hyx3oyck2ar0q2tpx38.jpg\" title=\"alcazar-toledo-lomas-de-reforma-ciudad-de-mexico\" alt=\"alcazar-toledo-lomas-de-reforma-ciudad-de-mexico\" loading=\"lazy\" \/>\t\t\t\t\t\t\t\t<\/a>\n\t\t\t\t\t\t\t\t\t\t\t\t\t\t\t<\/div>\n\t\t\t\t<\/div>\n\t\t<div class=\"elementor-element elementor-element-0d25662 e-con-full e-flex e-con e-child\" data-id=\"0d25662\" data-element_type=\"container\" data-e-type=\"container\" data-settings=\"{&quot;ekit_has_onepagescroll_dot&quot;:&quot;yes&quot;}\">\n\t\t<div class=\"elementor-element elementor-element-e386a92 e-con-full e-flex e-con e-child\" data-id=\"e386a92\" data-element_type=\"container\" data-e-type=\"container\" data-settings=\"{&quot;ekit_has_onepagescroll_dot&quot;:&quot;yes&quot;}\">\n\t\t\t\t<div class=\"elementor-element elementor-element-62588f1 elementor-widget elementor-widget-heading\" data-id=\"62588f1\" data-element_type=\"widget\" data-e-type=\"widget\" data-settings=\"{&quot;ekit_we_effect_on&quot;:&quot;none&quot;}\" data-widget_type=\"heading.default\">\n\t\t\t\t<div class=\"elementor-widget-container\">\n\t\t\t\t\t<p class=\"elementor-heading-title elementor-size-default\">Alcazar Toledo<\/p>\t\t\t\t<\/div>\n\t\t\t\t<\/div>\n\t\t\t\t<\/div>\n\t\t<div class=\"elementor-element elementor-element-96141c2 e-con-full e-flex e-con e-child\" data-id=\"96141c2\" data-element_type=\"container\" data-e-type=\"container\" data-settings=\"{&quot;ekit_has_onepagescroll_dot&quot;:&quot;yes&quot;}\">\n\t\t\t\t<div class=\"elementor-element elementor-element-d397ea4 elementor-widget elementor-widget-heading\" data-id=\"d397ea4\" data-element_type=\"widget\" data-e-type=\"widget\" data-settings=\"{&quot;ekit_we_effect_on&quot;:&quot;none&quot;}\" data-widget_type=\"heading.default\">\n\t\t\t\t<div class=\"elementor-widget-container\">\n\t\t\t\t\t<p class=\"elementor-heading-title elementor-size-default\"><a href=\"https:\/\/altahabitat.mx\/en\/desarrollos\/alcazar-toledo\">\/Explorar<\/a><\/p>\t\t\t\t<\/div>\n\t\t\t\t<\/div>\n\t\t\t\t<\/div>\n\t\t\t\t<\/div>\n\t\t\t\t<div class=\"elementor-element elementor-element-c1abb50 elementor-widget elementor-widget-heading\" data-id=\"c1abb50\" data-element_type=\"widget\" data-e-type=\"widget\" data-settings=\"{&quot;ekit_we_effect_on&quot;:&quot;none&quot;}\" data-widget_type=\"heading.default\">\n\t\t\t\t<div class=\"elementor-widget-container\">\n\t\t\t\t\t<p class=\"elementor-heading-title elementor-size-default\">Lomas de Reforma, CDMX.<\/p>\t\t\t\t<\/div>\n\t\t\t\t<\/div>\n\t\t\t\t\t<\/div>\n\t\t\t\t<\/div>\n\t\t\t\t<\/div>\n\t\t\t\t<\/div>\n\t\t\n\t\t\t\t\t\t<\/div>\n\t\t\t\t<\/div>\n\t\t\t\t<\/div>\n\t\t\t\t<\/div>\n\t\t","protected":false},"excerpt":{"rendered":"<p>\/Desarrollos Nos complace presentarte una selecci\u00f3n de los proyectos desarrollados por nuestra firma, donde la calidad arquitect\u00f3nica y la experiencia en cada residencia son nuestras principales prioridades. Queremos mostrarte c\u00f3mo cada proyecto es una combinaci\u00f3n de dise\u00f1o innovador, atenci\u00f3n meticulosa a los detalles y la creaci\u00f3n de espacios que te brindar\u00e1n una experiencia \u00fanica.<\/p>","protected":false},"author":8,"featured_media":0,"parent":0,"menu_order":0,"comment_status":"closed","ping_status":"closed","template":"elementor_header_footer","meta":{"_acf_changed":false,"inline_featured_image":false,"_joinchat":[],"footnotes":""},"class_list":["post-8300","page","type-page","status-publish","hentry"],"acf":[],"aioseo_notices":[],"_links":{"self":[{"href":"https:\/\/altahabitat.mx\/en\/wp-json\/wp\/v2\/pages\/8300","targetHints":{"allow":["GET"]}}],"collection":[{"href":"https:\/\/altahabitat.mx\/en\/wp-json\/wp\/v2\/pages"}],"about":[{"href":"https:\/\/altahabitat.mx\/en\/wp-json\/wp\/v2\/types\/page"}],"author":[{"embeddable":true,"href":"https:\/\/altahabitat.mx\/en\/wp-json\/wp\/v2\/users\/8"}],"replies":[{"embeddable":true,"href":"https:\/\/altahabitat.mx\/en\/wp-json\/wp\/v2\/comments?post=8300"}],"version-history":[{"count":82,"href":"https:\/\/altahabitat.mx\/en\/wp-json\/wp\/v2\/pages\/8300\/revisions"}],"predecessor-version":[{"id":9719,"href":"https:\/\/altahabitat.mx\/en\/wp-json\/wp\/v2\/pages\/8300\/revisions\/9719"}],"wp:attachment":[{"href":"https:\/\/altahabitat.mx\/en\/wp-json\/wp\/v2\/media?parent=8300"}],"curies":[{"name":"wp","href":"https:\/\/api.w.org\/{rel}","templated":true}]}}